{"id":7871,"date":"2023-05-02T15:37:51","date_gmt":"2023-05-02T14:37:51","guid":{"rendered":"https:\/\/expertmedia.be\/?page_id=7871"},"modified":"2023-05-02T15:51:32","modified_gmt":"2023-05-02T14:51:32","slug":"salesforce","status":"publish","type":"page","link":"https:\/\/expertmedia.be\/fr\/salesforce\/","title":{"rendered":"Force de vente"},"content":{"rendered":"<div data-elementor-type=\"wp-page\" data-elementor-id=\"7871\" class=\"elementor elementor-7871\" data-elementor-post-type=\"page\">\n\t\t\t\t\t\t<section class=\"elementor-section elementor-top-section elementor-element elementor-element-bae273f elementor-hidden-phone elementor-section-boxed elementor-section-height-default elementor-section-height-default\" data-id=\"bae273f\" data-element_type=\"section\" data-e-type=\"section\">\n\t\t\t\t\t\t<div class=\"elementor-container elementor-column-gap-default\">\n\t\t\t\t\t<div class=\"elementor-column elementor-col-100 elementor-top-column elementor-element elementor-element-64b6f0d7\" data-id=\"64b6f0d7\" data-element_type=\"column\" data-e-type=\"column\">\n\t\t\t<div class=\"elementor-widget-wrap elementor-element-populated\">\n\t\t\t\t\t\t\t<\/div>\n\t\t<\/div>\n\t\t\t\t\t<\/div>\n\t\t<\/section>\n\t\t\t\t<section class=\"elementor-section elementor-top-section elementor-element elementor-element-40d97f8 elementor-section-full_width elementor-section-stretched elementor-section-height-default elementor-section-height-default\" data-id=\"40d97f8\" data-element_type=\"section\" data-e-type=\"section\" data-settings=\"{&quot;stretch_section&quot;:&quot;section-stretched&quot;,&quot;background_background&quot;:&quot;classic&quot;}\">\n\t\t\t\t\t\t\t<div class=\"elementor-background-overlay\"><\/div>\n\t\t\t\t\t\t\t<div class=\"elementor-container elementor-column-gap-default\">\n\t\t\t\t\t<div class=\"elementor-column elementor-col-100 elementor-top-column elementor-element elementor-element-687dd322\" data-id=\"687dd322\" data-element_type=\"column\" data-e-type=\"column\">\n\t\t\t<div class=\"elementor-widget-wrap elementor-element-populated\">\n\t\t\t\t\t\t<div class=\"elementor-element elementor-element-715d9b9a elementor-widget elementor-widget-heading\" data-id=\"715d9b9a\" data-element_type=\"widget\" data-e-type=\"widget\" data-widget_type=\"heading.default\">\n\t\t\t\t<div class=\"elementor-widget-container\">\n\t\t\t\t\t<h1 class=\"elementor-heading-title elementor-size-default\">Force de vente <\/h1>\t\t\t\t<\/div>\n\t\t\t\t<\/div>\n\t\t\t\t\t<\/div>\n\t\t<\/div>\n\t\t\t\t\t<\/div>\n\t\t<\/section>\n\t\t\t\t<section class=\"elementor-section elementor-top-section elementor-element elementor-element-b33f27c elementor-section-stretched elementor-section-boxed elementor-section-height-default elementor-section-height-default\" data-id=\"b33f27c\" data-element_type=\"section\" data-e-type=\"section\" data-settings=\"{&quot;stretch_section&quot;:&quot;section-stretched&quot;,&quot;background_background&quot;:&quot;classic&quot;}\">\n\t\t\t\t\t\t<div class=\"elementor-container elementor-column-gap-default\">\n\t\t\t\t\t<div class=\"elementor-column elementor-col-100 elementor-top-column elementor-element elementor-element-3502a36\" data-id=\"3502a36\" data-element_type=\"column\" data-e-type=\"column\">\n\t\t\t<div class=\"elementor-widget-wrap elementor-element-populated\">\n\t\t\t\t\t\t<div class=\"elementor-element elementor-element-d5a148a elementor-widget elementor-widget-alx-text-image-section\" data-id=\"d5a148a\" data-element_type=\"widget\" data-e-type=\"widget\" data-widget_type=\"alx-text-image-section.default\">\n\t\t\t\t<div class=\"elementor-widget-container\">\n\t\t\t\t\t\n        <div class=\"col-lg-10 col-lg-offset-2 text-center\" >\n\n            <img loading=\"lazy\" decoding=\"async\" width=\"1920\" height=\"1080\" src=\"https:\/\/expertmedia.be\/wp-content\/uploads\/2020\/11\/0.jpg\" class=\"attachment-full size-full\" alt=\"\" srcset=\"https:\/\/expertmedia.be\/wp-content\/uploads\/2020\/11\/0.jpg 1920w, https:\/\/expertmedia.be\/wp-content\/uploads\/2020\/11\/0-600x338.jpg 600w, https:\/\/expertmedia.be\/wp-content\/uploads\/2020\/11\/0-300x169.jpg 300w, https:\/\/expertmedia.be\/wp-content\/uploads\/2020\/11\/0-1024x576.jpg 1024w, https:\/\/expertmedia.be\/wp-content\/uploads\/2020\/11\/0-768x432.jpg 768w, https:\/\/expertmedia.be\/wp-content\/uploads\/2020\/11\/0-1536x864.jpg 1536w, https:\/\/expertmedia.be\/wp-content\/uploads\/2020\/11\/0-500x281.jpg 500w, https:\/\/expertmedia.be\/wp-content\/uploads\/2020\/11\/0-800x450.jpg 800w, https:\/\/expertmedia.be\/wp-content\/uploads\/2020\/11\/0-1280x720.jpg 1280w, https:\/\/expertmedia.be\/wp-content\/uploads\/2020\/11\/0-1170x658.jpg 1170w\" sizes=\"auto, (max-width: 1920px) 100vw, 1920px\" \/>\n            <div class=\"text-image-section offcet-art\" >\n\n                \n                    <div class=\"rotate text-image-section__title\" id=\"d5a148a\" >\n                        Nous sommes Expertmedia,Nous sommes certifi\u00e9s,Nous aimons le d\u00e9fi,Nous avons la main d&#039;\u0153uvre,Nous avons l&#039;exp\u00e9rience                    <\/div>\n\n                \n\n\n\n                <div class=\"text-image-section__description\"><p class=\"post-header\">Expertmedia est fournisseur de services Salesforce depuis 2022<\/p><\/div>\n                <p class=\"text-image-section__description__signature\"><span class=\"classic text-image-section__description__signature__block1\">Erwin De Troch<\/span><small class=\"text-image-section__description__signature__block2\">  -Directeur<\/small><\/p>\n                \n            <\/div>\n        <\/div>\n        \n                    <script type=\"text\/javascript\" >\n                jQuery(function($){\n                    'use_strict';\n                    const slider = $('#d5a148a');\n                    slider.alx_slider();\n                });\n            <\/script>\n\n        \n                    <script type=\"text\/javascript\" >\n                jQuery(function($){\n                    'use_strict';\n                    $(\".text-image-section__title#d5a148a\").textrotator({\n                        animation: \"dissolve\",\n                        separator: \",\",\n                        speed: 3000                    });\n                });\n            <\/script>\n        \n\n        \t\t\t\t<\/div>\n\t\t\t\t<\/div>\n\t\t\t\t\t<\/div>\n\t\t<\/div>\n\t\t\t\t\t<\/div>\n\t\t<\/section>\n\t\t\t\t<section class=\"elementor-section elementor-top-section elementor-element elementor-element-01cb982 elementor-section-stretched elementor-section-boxed elementor-section-height-default elementor-section-height-default\" data-id=\"01cb982\" data-element_type=\"section\" data-e-type=\"section\" data-settings=\"{&quot;stretch_section&quot;:&quot;section-stretched&quot;,&quot;background_background&quot;:&quot;classic&quot;}\">\n\t\t\t\t\t\t\t<div class=\"elementor-background-overlay\"><\/div>\n\t\t\t\t\t\t\t<div class=\"elementor-container elementor-column-gap-default\">\n\t\t\t\t\t<div class=\"elementor-column elementor-col-100 elementor-top-column elementor-element elementor-element-dc0e79d\" data-id=\"dc0e79d\" data-element_type=\"column\" data-e-type=\"column\">\n\t\t\t<div class=\"elementor-widget-wrap elementor-element-populated\">\n\t\t\t\t\t\t<section class=\"elementor-section elementor-inner-section elementor-element elementor-element-b70342a elementor-section-boxed elementor-section-height-default elementor-section-height-default\" data-id=\"b70342a\" data-element_type=\"section\" data-e-type=\"section\">\n\t\t\t\t\t\t<div class=\"elementor-container elementor-column-gap-default\">\n\t\t\t\t\t<div class=\"elementor-column elementor-col-100 elementor-inner-column elementor-element elementor-element-5b8a1a9\" data-id=\"5b8a1a9\" data-element_type=\"column\" data-e-type=\"column\">\n\t\t\t<div class=\"elementor-widget-wrap elementor-element-populated\">\n\t\t\t\t\t\t<div class=\"elementor-element elementor-element-b285845 elementor-invisible elementor-widget elementor-widget-heading\" data-id=\"b285845\" data-element_type=\"widget\" data-e-type=\"widget\" data-settings=\"{&quot;_animation&quot;:&quot;fadeInUp&quot;,&quot;_animation_delay&quot;:100}\" data-widget_type=\"heading.default\">\n\t\t\t\t<div class=\"elementor-widget-container\">\n\t\t\t\t\t<h4 class=\"elementor-heading-title elementor-size-default\">Vous pouvez contacter Expertmedia sp\u00e9cifiquement pour : <\/h4>\t\t\t\t<\/div>\n\t\t\t\t<\/div>\n\t\t\t\t\t<\/div>\n\t\t<\/div>\n\t\t\t\t\t<\/div>\n\t\t<\/section>\n\t\t\t\t<section class=\"elementor-section elementor-inner-section elementor-element elementor-element-2d75e38 elementor-section-boxed elementor-section-height-default elementor-section-height-default\" data-id=\"2d75e38\" data-element_type=\"section\" data-e-type=\"section\">\n\t\t\t\t\t\t<div class=\"elementor-container elementor-column-gap-default\">\n\t\t\t\t\t<div class=\"elementor-column elementor-col-20 elementor-inner-column elementor-element elementor-element-e9349a9\" data-id=\"e9349a9\" data-element_type=\"column\" data-e-type=\"column\">\n\t\t\t<div class=\"elementor-widget-wrap elementor-element-populated\">\n\t\t\t\t\t\t<div class=\"elementor-element elementor-element-dd025ec elementor-widget__width-auto elementor-view-default elementor-widget elementor-widget-icon\" data-id=\"dd025ec\" data-element_type=\"widget\" data-e-type=\"widget\" data-widget_type=\"icon.default\">\n\t\t\t\t<div class=\"elementor-widget-container\">\n\t\t\t\t\t\t\t<div class=\"elementor-icon-wrapper\">\n\t\t\t<div class=\"elementor-icon\">\n\t\t\t<i aria-hidden=\"true\" class=\"fab fa-salesforce\"><\/i>\t\t\t<\/div>\n\t\t<\/div>\n\t\t\t\t\t\t<\/div>\n\t\t\t\t<\/div>\n\t\t\t\t<div class=\"elementor-element elementor-element-b877ce8 elementor-widget elementor-widget-heading\" data-id=\"b877ce8\" data-element_type=\"widget\" data-e-type=\"widget\" data-widget_type=\"heading.default\">\n\t\t\t\t<div class=\"elementor-widget-container\">\n\t\t\t\t\t<h2 class=\"elementor-heading-title elementor-size-medium\">Impl\u00e9mentation de Salesforce<\/h2>\t\t\t\t<\/div>\n\t\t\t\t<\/div>\n\t\t\t\t<div class=\"elementor-element elementor-element-c5483e4 elementor-widget elementor-widget-text-editor\" data-id=\"c5483e4\" data-element_type=\"widget\" data-e-type=\"widget\" data-widget_type=\"text-editor.default\">\n\t\t\t\t<div class=\"elementor-widget-container\">\n\t\t\t\t\t\t\t\t\t<p>Impl\u00e9menter Salesforce pour les clients, ce qui implique de configurer et de personnaliser la plateforme pour r\u00e9pondre \u00e0 des besoins sp\u00e9cifiques.<\/p>\t\t\t\t\t\t\t\t<\/div>\n\t\t\t\t<\/div>\n\t\t\t\t\t<\/div>\n\t\t<\/div>\n\t\t\t\t<div class=\"elementor-column elementor-col-20 elementor-inner-column elementor-element elementor-element-c06add1\" data-id=\"c06add1\" data-element_type=\"column\" data-e-type=\"column\">\n\t\t\t<div class=\"elementor-widget-wrap elementor-element-populated\">\n\t\t\t\t\t\t<div class=\"elementor-element elementor-element-cb591d8 elementor-widget__width-auto elementor-view-default elementor-widget elementor-widget-icon\" data-id=\"cb591d8\" data-element_type=\"widget\" data-e-type=\"widget\" data-widget_type=\"icon.default\">\n\t\t\t\t<div class=\"elementor-widget-container\">\n\t\t\t\t\t\t\t<div class=\"elementor-icon-wrapper\">\n\t\t\t<div class=\"elementor-icon\">\n\t\t\t<i aria-hidden=\"true\" class=\"ion ion-ios-book-outline\"><\/i>\t\t\t<\/div>\n\t\t<\/div>\n\t\t\t\t\t\t<\/div>\n\t\t\t\t<\/div>\n\t\t\t\t<div class=\"elementor-element elementor-element-615e74d elementor-widget elementor-widget-heading\" data-id=\"615e74d\" data-element_type=\"widget\" data-e-type=\"widget\" data-widget_type=\"heading.default\">\n\t\t\t\t<div class=\"elementor-widget-container\">\n\t\t\t\t\t<h2 class=\"elementor-heading-title elementor-size-medium\">Conseil Salesforce<\/h2>\t\t\t\t<\/div>\n\t\t\t\t<\/div>\n\t\t\t\t<div class=\"elementor-element elementor-element-f70c7cb elementor-widget elementor-widget-text-editor\" data-id=\"f70c7cb\" data-element_type=\"widget\" data-e-type=\"widget\" data-widget_type=\"text-editor.default\">\n\t\t\t\t<div class=\"elementor-widget-container\">\n\t\t\t\t\t\t\t\t\t<p>Conseils sur la mani\u00e8re dont Salesforce peut \u00eatre utilis\u00e9 pour optimiser les processus m\u00e9tier et am\u00e9liorer les performances<\/p>\t\t\t\t\t\t\t\t<\/div>\n\t\t\t\t<\/div>\n\t\t\t\t\t<\/div>\n\t\t<\/div>\n\t\t\t\t<div class=\"elementor-column elementor-col-20 elementor-inner-column elementor-element elementor-element-414e814\" data-id=\"414e814\" data-element_type=\"column\" data-e-type=\"column\">\n\t\t\t<div class=\"elementor-widget-wrap elementor-element-populated\">\n\t\t\t\t\t\t<div class=\"elementor-element elementor-element-0a1a33f elementor-widget__width-auto elementor-view-default elementor-widget elementor-widget-icon\" data-id=\"0a1a33f\" data-element_type=\"widget\" data-e-type=\"widget\" data-widget_type=\"icon.default\">\n\t\t\t\t<div class=\"elementor-widget-container\">\n\t\t\t\t\t\t\t<div class=\"elementor-icon-wrapper\">\n\t\t\t<div class=\"elementor-icon\">\n\t\t\t<i aria-hidden=\"true\" class=\"ion ion-ios-monitor-outline\"><\/i>\t\t\t<\/div>\n\t\t<\/div>\n\t\t\t\t\t\t<\/div>\n\t\t\t\t<\/div>\n\t\t\t\t<div class=\"elementor-element elementor-element-a65921d elementor-widget elementor-widget-heading\" data-id=\"a65921d\" data-element_type=\"widget\" data-e-type=\"widget\" data-widget_type=\"heading.default\">\n\t\t\t\t<div class=\"elementor-widget-container\">\n\t\t\t\t\t<h2 class=\"elementor-heading-title elementor-size-medium\">Personnalisations Salesforce<\/h2>\t\t\t\t<\/div>\n\t\t\t\t<\/div>\n\t\t\t\t<div class=\"elementor-element elementor-element-50f189f elementor-widget elementor-widget-text-editor\" data-id=\"50f189f\" data-element_type=\"widget\" data-e-type=\"widget\" data-widget_type=\"text-editor.default\">\n\t\t\t\t<div class=\"elementor-widget-container\">\n\t\t\t\t\t\t\t\t\t<p>Personnaliser Salesforce pour r\u00e9pondre \u00e0 des besoins sp\u00e9cifiques, par exemple en cr\u00e9ant des flux de travail, des champs et des rapports personnalis\u00e9s.<\/p>\t\t\t\t\t\t\t\t<\/div>\n\t\t\t\t<\/div>\n\t\t\t\t\t<\/div>\n\t\t<\/div>\n\t\t\t\t<div class=\"elementor-column elementor-col-20 elementor-inner-column elementor-element elementor-element-fecfd51\" data-id=\"fecfd51\" data-element_type=\"column\" data-e-type=\"column\">\n\t\t\t<div class=\"elementor-widget-wrap elementor-element-populated\">\n\t\t\t\t\t\t<div class=\"elementor-element elementor-element-962b73a elementor-widget__width-auto elementor-view-default elementor-widget elementor-widget-icon\" data-id=\"962b73a\" data-element_type=\"widget\" data-e-type=\"widget\" data-widget_type=\"icon.default\">\n\t\t\t\t<div class=\"elementor-widget-container\">\n\t\t\t\t\t\t\t<div class=\"elementor-icon-wrapper\">\n\t\t\t<div class=\"elementor-icon\">\n\t\t\t<i aria-hidden=\"true\" class=\"ion ion-ios-stopwatch-outline\"><\/i>\t\t\t<\/div>\n\t\t<\/div>\n\t\t\t\t\t\t<\/div>\n\t\t\t\t<\/div>\n\t\t\t\t<div class=\"elementor-element elementor-element-ade4638 elementor-widget elementor-widget-heading\" data-id=\"ade4638\" data-element_type=\"widget\" data-e-type=\"widget\" data-widget_type=\"heading.default\">\n\t\t\t\t<div class=\"elementor-widget-container\">\n\t\t\t\t\t<h2 class=\"elementor-heading-title elementor-size-medium\">Int\u00e9gration Salesforce<\/h2>\t\t\t\t<\/div>\n\t\t\t\t<\/div>\n\t\t\t\t<div class=\"elementor-element elementor-element-fe7f858 elementor-widget elementor-widget-text-editor\" data-id=\"fe7f858\" data-element_type=\"widget\" data-e-type=\"widget\" data-widget_type=\"text-editor.default\">\n\t\t\t\t<div class=\"elementor-widget-container\">\n\t\t\t\t\t\t\t\t\t<p>Int\u00e9grer Salesforce \u00e0 d&#039;autres syst\u00e8mes d&#039;entreprise pour permettre un flux d&#039;informations transparent.<\/p>\t\t\t\t\t\t\t\t<\/div>\n\t\t\t\t<\/div>\n\t\t\t\t\t<\/div>\n\t\t<\/div>\n\t\t\t\t<div class=\"elementor-column elementor-col-20 elementor-inner-column elementor-element elementor-element-564dff3\" data-id=\"564dff3\" data-element_type=\"column\" data-e-type=\"column\">\n\t\t\t<div class=\"elementor-widget-wrap elementor-element-populated\">\n\t\t\t\t\t\t<div class=\"elementor-element elementor-element-e3c91ab elementor-widget__width-auto elementor-view-default elementor-widget elementor-widget-icon\" data-id=\"e3c91ab\" data-element_type=\"widget\" data-e-type=\"widget\" data-widget_type=\"icon.default\">\n\t\t\t\t<div class=\"elementor-widget-container\">\n\t\t\t\t\t\t\t<div class=\"elementor-icon-wrapper\">\n\t\t\t<div class=\"elementor-icon\">\n\t\t\t<i aria-hidden=\"true\" class=\"ion ion-ios-world-outline\"><\/i>\t\t\t<\/div>\n\t\t<\/div>\n\t\t\t\t\t\t<\/div>\n\t\t\t\t<\/div>\n\t\t\t\t<div class=\"elementor-element elementor-element-6fcc8bb elementor-widget elementor-widget-heading\" data-id=\"6fcc8bb\" data-element_type=\"widget\" data-e-type=\"widget\" data-widget_type=\"heading.default\">\n\t\t\t\t<div class=\"elementor-widget-container\">\n\t\t\t\t\t<h2 class=\"elementor-heading-title elementor-size-medium\">Support et maintenance Salesforce<\/h2>\t\t\t\t<\/div>\n\t\t\t\t<\/div>\n\t\t\t\t<div class=\"elementor-element elementor-element-0b34290 elementor-widget elementor-widget-text-editor\" data-id=\"0b34290\" data-element_type=\"widget\" data-e-type=\"widget\" data-widget_type=\"text-editor.default\">\n\t\t\t\t<div class=\"elementor-widget-container\">\n\t\t\t\t\t\t\t\t\t<p>Fournir des services de support technique et de maintenance pour assurer le bon fonctionnement de la plateforme Salesforce.<\/p>\t\t\t\t\t\t\t\t<\/div>\n\t\t\t\t<\/div>\n\t\t\t\t\t<\/div>\n\t\t<\/div>\n\t\t\t\t\t<\/div>\n\t\t<\/section>\n\t\t\t\t<div class=\"elementor-element elementor-element-3909c48 elementor-widget__width-inherit elementor-view-default elementor-widget elementor-widget-icon\" data-id=\"3909c48\" data-element_type=\"widget\" data-e-type=\"widget\" data-widget_type=\"icon.default\">\n\t\t\t\t<div class=\"elementor-widget-container\">\n\t\t\t\t\t\t\t<div class=\"elementor-icon-wrapper\">\n\t\t\t<div class=\"elementor-icon\">\n\t\t\t<i aria-hidden=\"true\" class=\"fab fa-salesforce\"><\/i>\t\t\t<\/div>\n\t\t<\/div>\n\t\t\t\t\t\t<\/div>\n\t\t\t\t<\/div>\n\t\t\t\t<div class=\"elementor-element elementor-element-8c59fa7 elementor-widget elementor-widget-heading\" data-id=\"8c59fa7\" data-element_type=\"widget\" data-e-type=\"widget\" data-widget_type=\"heading.default\">\n\t\t\t\t<div class=\"elementor-widget-container\">\n\t\t\t\t\t<h2 class=\"elementor-heading-title elementor-size-medium\">Flux de travail de test<\/h2>\t\t\t\t<\/div>\n\t\t\t\t<\/div>\n\t\t\t\t<div class=\"elementor-element elementor-element-aca035f elementor-widget elementor-widget-text-editor\" data-id=\"aca035f\" data-element_type=\"widget\" data-e-type=\"widget\" data-widget_type=\"text-editor.default\">\n\t\t\t\t<div class=\"elementor-widget-container\">\n\t\t\t\t\t\t\t\t\t<ol><li><p>Tests fonctionnels\u00a0: effectuer des tests fonctionnels pour garantir que la plateforme Salesforce fonctionne correctement et prend en charge les processus m\u00e9tier souhait\u00e9s. Cela inclut le test des interfaces utilisateur, des flux de travail, des champs personnalis\u00e9s et des rapports.<\/p><\/li><li><p>Tests d&#039;int\u00e9gration\u00a0: tester l&#039;int\u00e9gration de Salesforce avec d&#039;autres syst\u00e8mes d&#039;entreprise pour v\u00e9rifier qu&#039;il existe un flux de donn\u00e9es transparent entre Salesforce et d&#039;autres syst\u00e8mes.<\/p><\/li><li><p>Tests de performances\u00a0: effectuer des tests de performances pour tester les performances de Salesforce sous des charges \u00e9lev\u00e9es et pour d\u00e9terminer si l&#039;application Salesforce r\u00e9pond aux exigences de performances du client.<\/p><\/li><li><p>Tests de s\u00e9curit\u00e9\u00a0: tester la s\u00e9curit\u00e9 de Salesforce pour v\u00e9rifier que les donn\u00e9es des clients sont en s\u00e9curit\u00e9 et pour identifier et corriger les vuln\u00e9rabilit\u00e9s.<\/p><\/li><li><p>Tests de migration\u00a0: effectuer des tests de migration pour v\u00e9rifier que les donn\u00e9es et les configurations ont \u00e9t\u00e9 correctement transf\u00e9r\u00e9es vers Salesforce lors de la mise \u00e0 niveau ou de la migration de la plateforme.<\/p><\/li><li><p>Automatisation des tests\u00a0: mise en \u0153uvre de tests automatis\u00e9s pour garantir la qualit\u00e9 de l&#039;application Salesforce et fournir un retour plus rapide sur toutes les modifications et mises \u00e0 jour.<\/p><\/li><\/ol>\t\t\t\t\t\t\t\t<\/div>\n\t\t\t\t<\/div>\n\t\t\t\t\t<\/div>\n\t\t<\/div>\n\t\t\t\t\t<\/div>\n\t\t<\/section>\n\t\t\t\t<\/div>","protected":false},"excerpt":{"rendered":"<p>Home KMO portefeuille Inspiratie Salesforce Nieuws Contact Salesforce We are Expertmedia,We are certified,We love the challenge,We have the manpower,We have the experience Expertmedia is sinds 2022 Saleforce Service Provider Erwin De Troch &#8211; Director Bij Expertmedia kan u concreet terecht voor Implementatie van Salesforce Het implementeren van Salesforce voor klanten, wat inhoudt dat het platform<span class=\"screen-reader-text\"><a href=\"https:\/\/expertmedia.be\/fr\/salesforce\/\" rel=\"nofollow\">[&#8230;]<\/a><\/span><\/p>\n","protected":false},"author":1,"featured_media":0,"parent":0,"menu_order":0,"comment_status":"closed","ping_status":"closed","template":"template-custom-page.php","meta":{"om_disable_all_campaigns":false,"_monsterinsights_skip_tracking":false,"_monsterinsights_sitenote_active":false,"_monsterinsights_sitenote_note":"","_monsterinsights_sitenote_category":0,"_vp_format_video_url":"","_vp_image_focal_point":[],"footnotes":""},"class_list":["post-7871","page","type-page","status-publish","hentry"],"aioseo_notices":[],"_links":{"self":[{"href":"https:\/\/expertmedia.be\/fr\/wp-json\/wp\/v2\/pages\/7871","targetHints":{"allow":["GET"]}}],"collection":[{"href":"https:\/\/expertmedia.be\/fr\/wp-json\/wp\/v2\/pages"}],"about":[{"href":"https:\/\/expertmedia.be\/fr\/wp-json\/wp\/v2\/types\/page"}],"author":[{"embeddable":true,"href":"https:\/\/expertmedia.be\/fr\/wp-json\/wp\/v2\/users\/1"}],"replies":[{"embeddable":true,"href":"https:\/\/expertmedia.be\/fr\/wp-json\/wp\/v2\/comments?post=7871"}],"version-history":[{"count":0,"href":"https:\/\/expertmedia.be\/fr\/wp-json\/wp\/v2\/pages\/7871\/revisions"}],"wp:attachment":[{"href":"https:\/\/expertmedia.be\/fr\/wp-json\/wp\/v2\/media?parent=7871"}],"curies":[{"name":"wp","href":"https:\/\/api.w.org\/{rel}","templated":true}]}}